{"id":2,"date":"2021-10-11T13:28:39","date_gmt":"2021-10-11T13:28:39","guid":{"rendered":"https:\/\/www-byggmesterlervik.wp1.hcweb.dev\/?page_id=2"},"modified":"2026-03-19T14:29:37","modified_gmt":"2026-03-19T14:29:37","slug":"sample-page","status":"publish","type":"page","link":"https:\/\/www.byggmesterlervik.no\/","title":{"rendered":"Hjem"},"content":{"rendered":"\n\n\t<p>Oddgeir Lervik startet sitt eget enkeltmannsforetak i 1995. I dag leder han en bedrift med ca. 12 ansatte.<\/p>\n<p>&nbsp;<\/p>\n<p>Byggmester Lervik AS har siden starten opparbeidet seg en posisjon innenfor bygging av arkitekttegnete eneboliger og omfattende ombygginger av privathus. Det har v\u00e6rt de store utfordringene, vanskelige vinklene og boligdr\u00f8mmene utenom vanlige som trekker mest. Selvsagt bygger vi ogs\u00e5 mer standard hus, rehabilitering, og har v\u00e6rt ansvarlige for driftsbygninger.<\/p>\n<p>&nbsp;<\/p>\n<p>P\u00e5 grunn av satsingen innenfor nisjen arkitekttegnete eneboliger, har Byggmester Lervik AS et bredt kontaktnett blant arkitekter, og samarbeider tett med en rekke av distriktets mest anerkjente boligplanleggere.<\/p>\n<p>&nbsp;<\/p>\n<p>Om du allerede har ferdige tegninger for ditt prosjekt, eller trenger hjelp til \u00e5 f\u00e5 din dr\u00f8m ned p\u00e5 papiret, s\u00e5 har vi den n\u00f8dvendige kompetansen og nettverket som trengs.<\/p>\n<p>&nbsp;<\/p>\n<p>Vi kan ta ansvaret for kun t\u00f8mrerarbeidet eller p\u00e5ta oss totalentreprisen i et prosjekt og lede hele byggeprosessen frem til m\u00e5l.<\/p>\n<figure itemscope itemtype=\"https:\/\/schema.org\/ImageObject\">\n\t\t\t\t<img decoding=\"async\" src=\"https:\/\/www.byggmesterlervik.no\/wp-content\/uploads\/2024\/01\/achilles.jpg\" alt=\"achilles\" height=\"92\" width=\"160\" title=\"achilles\" onerror=\"this.style.display='none'\" loading=\"lazy\" \/>\n\t<\/figure>\n\t<a href=\"https:\/\/www.byggmesterlervik.no\/wp-content\/uploads\/2024\/01\/Cert_StartBANK_Silver.pdf\" target=\"_self\" role=\"button\" download=\"Achilles sertifikat\" aria-label=\"Last ned fil\">\n\t\t\t\t\t\tLast ned fil\n\t\t\t\t\t<\/a>\n<p>Achilles sertifikat<\/p>\n<figure itemscope itemtype=\"https:\/\/schema.org\/ImageObject\">\n\t\t\t\t<img decoding=\"async\" src=\"https:\/\/www.byggmesterlervik.no\/wp-content\/uploads\/2026\/03\/miljofyrtarn.png\" alt=\"milj\u00f8fyrt\u00e5rn\" height=\"87\" width=\"102\" title=\"milj\u00f8fyrt\u00e5rn\" onerror=\"this.style.display='none'\" loading=\"lazy\" \/>\n\t<\/figure>\n\t\t\t<a href=\"https:\/\/portal.miljofyrtarn.no\/sustainabilityReport\/c89263c5-1bfe-4358-af70-92aad6e9a99f\"  target=\"_blank\" rel=\"noopener\"    rel=\"noopener\">\n\t\t\t\t\t\t\tB\u00e6rekraftsrapport Byggmester Lervik AS 2025\n\t\t\t<\/a>\n\t<p>Har du innspill til v\u00e5r b\u00e6rekraftsrapport. Send oss en <a href=\"http:\/\/amlende@byggmesterlervik.no&gt;\">e-post<\/a>.<\/p>\n\t\t                    <h4>Oddgeir Lervik<\/h4>\n                \t\t        \tDaglig leder\n\t\t        \t\t        \t<p><a href=\"mailto:oddgeir@byggmesterlervik.no\">oddgeir@byggmesterlervik.no<\/a><br \/><a href=\"tel:95879452\">958 79 452<\/a><\/p>\n\t\t                    <h4>Anne Marie Lende<\/h4>\n                \t\t        \tKontor\n\t\t        \t\t        \t<p><a href=\"mailto:amlende@byggmesterlervik.no\">amlende@byggmesterlervik.no<\/a><br \/><a href=\"tel:97695708\">976 95 708<\/a><\/p>\n\n","protected":false},"excerpt":{"rendered":"<p>Oddgeir Lervik startet sitt eget enkeltmannsforetak i 1995. I dag leder han en bedrift med ca. 12 ansatte. &nbsp; Byggmester Lervik AS har siden starten opparbeidet seg en posisjon innenfor bygging av arkitekttegnete eneboliger og omfattende ombygginger av privathus. Det har v\u00e6rt de store utfordringene, vanskelige vinklene og boligdr\u00f8mmene utenom vanlige som trekker mest. Selvsagt&hellip;<\/p>\n","protected":false},"author":1,"featured_media":0,"parent":0,"menu_order":0,"comment_status":"closed","ping_status":"open","template":"","meta":{"footnotes":""},"class_list":["post-2","page","type-page","status-publish","hentry"],"yoast_head":"<!-- This site is optimized with the Yoast SEO plugin v27.6 - https:\/\/yoast.com\/product\/yoast-seo-wordpress\/ -->\n<title>Hjem - Byggmester Lervik<\/title>\n<meta name=\"description\" content=\"Byggmester Lervik har opparbeidet seg en posisjon innenfor bygging av arkitekttegnete eneboliger og omfattende ombygginger av privathus.\" \/>\n<meta name=\"robots\" content=\"index, follow, max-snippet:-1, max-image-preview:large, max-video-preview:-1\" \/>\n<link rel=\"canonical\" href=\"https:\/\/www.byggmesterlervik.no\/\" \/>\n<meta property=\"og:locale\" content=\"en_US\" \/>\n<meta property=\"og:type\" content=\"article\" \/>\n<meta property=\"og:title\" content=\"Hjem - Byggmester Lervik\" \/>\n<meta property=\"og:description\" content=\"Byggmester Lervik har opparbeidet seg en posisjon innenfor bygging av arkitekttegnete eneboliger og omfattende ombygginger av privathus.\" \/>\n<meta property=\"og:url\" content=\"https:\/\/www.byggmesterlervik.no\/\" \/>\n<meta property=\"og:site_name\" content=\"Byggmester Lervik\" \/>\n<meta property=\"article:modified_time\" content=\"2026-03-19T14:29:37+00:00\" \/>\n<meta property=\"og:image\" content=\"https:\/\/www.byggmesterlervik.no\/wp-content\/uploads\/2024\/01\/achilles.jpg\" \/>\n<meta name=\"twitter:card\" content=\"summary_large_image\" \/>\n<meta name=\"twitter:label1\" content=\"Est. reading time\" \/>\n\t<meta name=\"twitter:data1\" content=\"1 minute\" \/>\n<script type=\"application\/ld+json\" class=\"yoast-schema-graph\">{\"@context\":\"https:\\\/\\\/schema.org\",\"@graph\":[{\"@type\":\"WebPage\",\"@id\":\"https:\\\/\\\/www.byggmesterlervik.no\\\/\",\"url\":\"https:\\\/\\\/www.byggmesterlervik.no\\\/\",\"name\":\"Hjem - Byggmester Lervik\",\"isPartOf\":{\"@id\":\"https:\\\/\\\/www.byggmesterlervik.no\\\/#website\"},\"primaryImageOfPage\":{\"@id\":\"https:\\\/\\\/www.byggmesterlervik.no\\\/#primaryimage\"},\"image\":{\"@id\":\"https:\\\/\\\/www.byggmesterlervik.no\\\/#primaryimage\"},\"thumbnailUrl\":\"https:\\\/\\\/www.byggmesterlervik.no\\\/wp-content\\\/uploads\\\/2024\\\/01\\\/achilles.jpg\",\"datePublished\":\"2021-10-11T13:28:39+00:00\",\"dateModified\":\"2026-03-19T14:29:37+00:00\",\"description\":\"Byggmester Lervik har opparbeidet seg en posisjon innenfor bygging av arkitekttegnete eneboliger og omfattende ombygginger av privathus.\",\"breadcrumb\":{\"@id\":\"https:\\\/\\\/www.byggmesterlervik.no\\\/#breadcrumb\"},\"inLanguage\":\"en-US\",\"potentialAction\":[{\"@type\":\"ReadAction\",\"target\":[\"https:\\\/\\\/www.byggmesterlervik.no\\\/\"]}]},{\"@type\":\"ImageObject\",\"inLanguage\":\"en-US\",\"@id\":\"https:\\\/\\\/www.byggmesterlervik.no\\\/#primaryimage\",\"url\":\"https:\\\/\\\/www.byggmesterlervik.no\\\/wp-content\\\/uploads\\\/2024\\\/01\\\/achilles.jpg\",\"contentUrl\":\"https:\\\/\\\/www.byggmesterlervik.no\\\/wp-content\\\/uploads\\\/2024\\\/01\\\/achilles.jpg\",\"width\":160,\"height\":92},{\"@type\":\"BreadcrumbList\",\"@id\":\"https:\\\/\\\/www.byggmesterlervik.no\\\/#breadcrumb\",\"itemListElement\":[{\"@type\":\"ListItem\",\"position\":1,\"name\":\"Home\",\"item\":\"https:\\\/\\\/www.byggmesterlervik.no\\\/\"},{\"@type\":\"ListItem\",\"position\":2,\"name\":\"Hjem\"}]},{\"@type\":\"WebSite\",\"@id\":\"https:\\\/\\\/www.byggmesterlervik.no\\\/#website\",\"url\":\"https:\\\/\\\/www.byggmesterlervik.no\\\/\",\"name\":\"Byggmester Lervik\",\"description\":\"Nybygg &amp; rehabilitering\",\"potentialAction\":[{\"@type\":\"SearchAction\",\"target\":{\"@type\":\"EntryPoint\",\"urlTemplate\":\"https:\\\/\\\/www.byggmesterlervik.no\\\/?s={search_term_string}\"},\"query-input\":{\"@type\":\"PropertyValueSpecification\",\"valueRequired\":true,\"valueName\":\"search_term_string\"}}],\"inLanguage\":\"en-US\"}]}<\/script>\n<!-- \/ Yoast SEO plugin. -->","yoast_head_json":{"title":"Hjem - Byggmester Lervik","description":"Byggmester Lervik har opparbeidet seg en posisjon innenfor bygging av arkitekttegnete eneboliger og omfattende ombygginger av privathus.","robots":{"index":"index","follow":"follow","max-snippet":"max-snippet:-1","max-image-preview":"max-image-preview:large","max-video-preview":"max-video-preview:-1"},"canonical":"https:\/\/www.byggmesterlervik.no\/","og_locale":"en_US","og_type":"article","og_title":"Hjem - Byggmester Lervik","og_description":"Byggmester Lervik har opparbeidet seg en posisjon innenfor bygging av arkitekttegnete eneboliger og omfattende ombygginger av privathus.","og_url":"https:\/\/www.byggmesterlervik.no\/","og_site_name":"Byggmester Lervik","article_modified_time":"2026-03-19T14:29:37+00:00","og_image":[{"url":"https:\/\/www.byggmesterlervik.no\/wp-content\/uploads\/2024\/01\/achilles.jpg","type":"","width":"","height":""}],"twitter_card":"summary_large_image","twitter_misc":{"Est. reading time":"1 minute"},"schema":{"@context":"https:\/\/schema.org","@graph":[{"@type":"WebPage","@id":"https:\/\/www.byggmesterlervik.no\/","url":"https:\/\/www.byggmesterlervik.no\/","name":"Hjem - Byggmester Lervik","isPartOf":{"@id":"https:\/\/www.byggmesterlervik.no\/#website"},"primaryImageOfPage":{"@id":"https:\/\/www.byggmesterlervik.no\/#primaryimage"},"image":{"@id":"https:\/\/www.byggmesterlervik.no\/#primaryimage"},"thumbnailUrl":"https:\/\/www.byggmesterlervik.no\/wp-content\/uploads\/2024\/01\/achilles.jpg","datePublished":"2021-10-11T13:28:39+00:00","dateModified":"2026-03-19T14:29:37+00:00","description":"Byggmester Lervik har opparbeidet seg en posisjon innenfor bygging av arkitekttegnete eneboliger og omfattende ombygginger av privathus.","breadcrumb":{"@id":"https:\/\/www.byggmesterlervik.no\/#breadcrumb"},"inLanguage":"en-US","potentialAction":[{"@type":"ReadAction","target":["https:\/\/www.byggmesterlervik.no\/"]}]},{"@type":"ImageObject","inLanguage":"en-US","@id":"https:\/\/www.byggmesterlervik.no\/#primaryimage","url":"https:\/\/www.byggmesterlervik.no\/wp-content\/uploads\/2024\/01\/achilles.jpg","contentUrl":"https:\/\/www.byggmesterlervik.no\/wp-content\/uploads\/2024\/01\/achilles.jpg","width":160,"height":92},{"@type":"BreadcrumbList","@id":"https:\/\/www.byggmesterlervik.no\/#breadcrumb","itemListElement":[{"@type":"ListItem","position":1,"name":"Home","item":"https:\/\/www.byggmesterlervik.no\/"},{"@type":"ListItem","position":2,"name":"Hjem"}]},{"@type":"WebSite","@id":"https:\/\/www.byggmesterlervik.no\/#website","url":"https:\/\/www.byggmesterlervik.no\/","name":"Byggmester Lervik","description":"Nybygg &amp; rehabilitering","potentialAction":[{"@type":"SearchAction","target":{"@type":"EntryPoint","urlTemplate":"https:\/\/www.byggmesterlervik.no\/?s={search_term_string}"},"query-input":{"@type":"PropertyValueSpecification","valueRequired":true,"valueName":"search_term_string"}}],"inLanguage":"en-US"}]}},"_links":{"self":[{"href":"https:\/\/www.byggmesterlervik.no\/index.php?rest_route=\/wp\/v2\/pages\/2","targetHints":{"allow":["GET"]}}],"collection":[{"href":"https:\/\/www.byggmesterlervik.no\/index.php?rest_route=\/wp\/v2\/pages"}],"about":[{"href":"https:\/\/www.byggmesterlervik.no\/index.php?rest_route=\/wp\/v2\/types\/page"}],"author":[{"embeddable":true,"href":"https:\/\/www.byggmesterlervik.no\/index.php?rest_route=\/wp\/v2\/users\/1"}],"replies":[{"embeddable":true,"href":"https:\/\/www.byggmesterlervik.no\/index.php?rest_route=%2Fwp%2Fv2%2Fcomments&post=2"}],"version-history":[{"count":13,"href":"https:\/\/www.byggmesterlervik.no\/index.php?rest_route=\/wp\/v2\/pages\/2\/revisions"}],"predecessor-version":[{"id":48,"href":"https:\/\/www.byggmesterlervik.no\/index.php?rest_route=\/wp\/v2\/pages\/2\/revisions\/48"}],"wp:attachment":[{"href":"https:\/\/www.byggmesterlervik.no\/index.php?rest_route=%2Fwp%2Fv2%2Fmedia&parent=2"}],"curies":[{"name":"wp","href":"https:\/\/api.w.org\/{rel}","templated":true}]}}